{"id":158,"date":"2018-03-22T19:24:11","date_gmt":"2018-03-22T17:24:11","guid":{"rendered":"http:\/\/tornionkalamiehet.net\/wordpress\/?page_id=158"},"modified":"2019-07-30T17:43:18","modified_gmt":"2019-07-30T14:43:18","slug":"toiminta","status":"publish","type":"page","link":"http:\/\/tornionkalamiehet.net\/?page_id=158","title":{"rendered":"Toiminta"},"content":{"rendered":"<p>Tornion Kalamiesten toiminta on jaettu kolmeen eri ryhmittym\u00e4\u00e4n.<\/p>\n<p><strong>Vapaakalastajat<br \/>\n<\/strong>Vapaakalastajat koostuu pilkkij\u00f6ist\u00e4, onkijoista ja perhostajista.<\/p>\n<p><strong>Uistelijat<br \/>\n<\/strong>Uistelujaos koostuu aktiivisista kalastuksen harrastajista joiden intohimo on vetouistelu. J\u00e4seni\u00e4 on ns. sunnuntai uistelijoista aina SM- tason kilpa-uistelijoihin. Toimintamme on avointa ja jaamme mielell\u00e4mme kokemuksiamme ja ajatuksiamme uistelusta ja v\u00e4lineist\u00f6st\u00e4 lajista kiinnostuneille. Porukassa on kivempaa, tervetuloa joukkoon.<\/p>\n<p><strong>Naisjaosto<br \/>\n<\/strong>Naisjaosto on perustettu 20.1.2018 ja siihen kuuluu t\u00e4ll\u00e4 hetkell\u00e4 12 naisj\u00e4sent\u00e4.\u00a0Naisjaoston tavoitteena on edist\u00e4\u00e4 naisten kalastusharrastusta j\u00e4rjest\u00e4m\u00e4ll\u00e4 kursseja, kilpailuja, perhetapahtumia, kes\u00e4tapahtumia ja muuta kivaa yhdess\u00e4 oloa. Otamme uusia naisj\u00e4seni\u00e4 mielell\u00e4\u00e4n mukaan kivaan porukkaan!<\/p>\n<p>&nbsp;<\/p>\n<p><a href=\"http:\/\/tornionkalamiehet.net\/wp-content\/uploads\/2019\/07\/Kalamiehet-TOIMINTAKERTOMUS-2018.docx\">TOIMINTAKERTOMUS 2018<\/a><\/p>\n<p><a href=\"http:\/\/tornionkalamiehet.net\/wp-content\/uploads\/2019\/07\/16.05.2018.docx\">Kokousmuistio 16.05.2018<\/a><\/p>\n<p>&nbsp;<\/p>\n<p>&nbsp;<\/p>\n","protected":false},"excerpt":{"rendered":"<p>Tornion Kalamiesten toiminta on jaettu kolmeen eri ryhmittym\u00e4\u00e4n. Vapaakalastajat Vapaakalastajat koostuu pilkkij\u00f6ist\u00e4, onkijoista ja perhostajista. Uistelijat Uistelujaos koostuu aktiivisista kalastuksen harrastajista joiden [&hellip;]<\/p>\n","protected":false},"author":2,"featured_media":0,"parent":0,"menu_order":0,"comment_status":"closed","ping_status":"closed","template":"","meta":{"footnotes":""},"_links":{"self":[{"href":"http:\/\/tornionkalamiehet.net\/index.php?rest_route=\/wp\/v2\/pages\/158"}],"collection":[{"href":"http:\/\/tornionkalamiehet.net\/index.php?rest_route=\/wp\/v2\/pages"}],"about":[{"href":"http:\/\/tornionkalamiehet.net\/index.php?rest_route=\/wp\/v2\/types\/page"}],"author":[{"embeddable":true,"href":"http:\/\/tornionkalamiehet.net\/index.php?rest_route=\/wp\/v2\/users\/2"}],"replies":[{"embeddable":true,"href":"http:\/\/tornionkalamiehet.net\/index.php?rest_route=%2Fwp%2Fv2%2Fcomments&post=158"}],"version-history":[{"count":14,"href":"http:\/\/tornionkalamiehet.net\/index.php?rest_route=\/wp\/v2\/pages\/158\/revisions"}],"predecessor-version":[{"id":226,"href":"http:\/\/tornionkalamiehet.net\/index.php?rest_route=\/wp\/v2\/pages\/158\/revisions\/226"}],"wp:attachment":[{"href":"http:\/\/tornionkalamiehet.net\/index.php?rest_route=%2Fwp%2Fv2%2Fmedia&parent=158"}],"curies":[{"name":"wp","href":"https:\/\/api.w.org\/{rel}","templated":true}]}}