{"id":240,"date":"2020-06-18T12:27:11","date_gmt":"2020-06-18T09:27:11","guid":{"rendered":"http:\/\/tornionkalamiehet.net\/?page_id=240"},"modified":"2024-01-30T10:56:55","modified_gmt":"2024-01-30T08:56:55","slug":"tapahtumat","status":"publish","type":"page","link":"https:\/\/tornionkalamiehet.net\/?page_id=240","title":{"rendered":"Tapahtumat"},"content":{"rendered":"<h6>Matikkapilkkikilpailut M\u00f6lj\u00e4ll\u00e4 1.2.2024 klo 17.30-19.30. Osallistumismaksu 10\u20ac, nuoret ilmaiseksi. Tervetuloa!<\/h6>\n<p>********************************************************************************************************************&#8217;*<\/p>\n\n\n<h6 class=\"wp-block-heading\">Solmuntekokurssi 30.1.2024 klo 18.00 alkaen, seuran tiloissa osoitteessa Harjutie 14, Tornio. Ilmainen, Tervetuloa!<\/h6>\n\n\n\n<p>**********************************************************************************************************************<\/p>\n\n\n\n<p class=\"has-medium-font-size\">Perinteiset Kinkkukisat 16.12.2023 klo 10 &#8211; 13 Tornion umpparin M\u00f6lj\u00e4ll\u00e4. <\/p>\n\n\n\n<p class=\"has-medium-font-size\">Sarjat: Miehet, Naiset ja Nuoret.<\/p>\n\n\n\n<p class=\"has-medium-font-size\">Hinta: Aikuiset 10\u20ac, alle 16 &#8211; vuotiaat maksutta.<\/p>\n\n\n\n<p class=\"has-medium-font-size\">TERVETULOA!<\/p>\n\n\n\n<p>**********************************************************************************************************************<\/p>\n\n\n\n<p><\/p>\n\n\n\n<div class=\"wp-block-columns is-layout-flex wp-container-4 wp-block-columns-is-layout-flex\">\n<div class=\"wp-block-column is-layout-flow wp-block-column-is-layout-flow\">\n9.7 j\u00e4sentenv\u00e4liset onkikisat pidettiin Letolla hienossa s\u00e4\u00e4ss\u00e4 hyv\u00e4ll\u00e4 porukalla, ei siis hampaat riviss\u00e4 vaan leppoisalla huumorifiiliksell\u00e4. Osallistujia oli mukavasti yhteens\u00e4 21 henkil\u00f6\u00e4. Kiitos osallistumisesta \ud83e\udd17\n\n\n\nTulokset;\nNuoret:  1. Salmi Sami , Naiset: 1. Blomster Irja, 2. Pukema Ulla, 3. Autio Maritta. Miehet: 1. K\u00e4hk\u00f6nen Riku, 2. Emas Timo, 3. Pirttikoski Pertti\n<\/div>\n\n\n\n<div class=\"wp-block-column is-layout-flow wp-block-column-is-layout-flow\">\n<figure class=\"wp-block-image size-large\"><img decoding=\"async\" loading=\"lazy\" width=\"768\" height=\"1024\" src=\"http:\/\/tornionkalamiehet.net\/wp-content\/uploads\/2020\/09\/Letto-768x1024.jpeg\" alt=\"\" class=\"wp-image-261\" srcset=\"https:\/\/tornionkalamiehet.net\/wp-content\/uploads\/2020\/09\/Letto-768x1024.jpeg 768w, https:\/\/tornionkalamiehet.net\/wp-content\/uploads\/2020\/09\/Letto-225x300.jpeg 225w, https:\/\/tornionkalamiehet.net\/wp-content\/uploads\/2020\/09\/Letto-1152x1536.jpeg 1152w, https:\/\/tornionkalamiehet.net\/wp-content\/uploads\/2020\/09\/Letto-1536x2048.jpeg 1536w, https:\/\/tornionkalamiehet.net\/wp-content\/uploads\/2020\/09\/Letto-830x1107.jpeg 830w, https:\/\/tornionkalamiehet.net\/wp-content\/uploads\/2020\/09\/Letto-230x307.jpeg 230w, https:\/\/tornionkalamiehet.net\/wp-content\/uploads\/2020\/09\/Letto-350x467.jpeg 350w, https:\/\/tornionkalamiehet.net\/wp-content\/uploads\/2020\/09\/Letto-480x640.jpeg 480w, https:\/\/tornionkalamiehet.net\/wp-content\/uploads\/2020\/09\/Letto-scaled.jpeg 1920w\" sizes=\"(max-width: 768px) 100vw, 768px\" \/><\/figure>\n<\/div>\n\n\n\n<div class=\"wp-block-column is-layout-flow wp-block-column-is-layout-flow\">\n<figure class=\"wp-block-image size-large\"><img decoding=\"async\" loading=\"lazy\" width=\"768\" height=\"1024\" src=\"http:\/\/tornionkalamiehet.net\/wp-content\/uploads\/2020\/09\/Letto2-768x1024.jpeg\" alt=\"\" class=\"wp-image-262\" srcset=\"https:\/\/tornionkalamiehet.net\/wp-content\/uploads\/2020\/09\/Letto2-768x1024.jpeg 768w, https:\/\/tornionkalamiehet.net\/wp-content\/uploads\/2020\/09\/Letto2-225x300.jpeg 225w, https:\/\/tornionkalamiehet.net\/wp-content\/uploads\/2020\/09\/Letto2-1152x1536.jpeg 1152w, https:\/\/tornionkalamiehet.net\/wp-content\/uploads\/2020\/09\/Letto2-1536x2048.jpeg 1536w, https:\/\/tornionkalamiehet.net\/wp-content\/uploads\/2020\/09\/Letto2-830x1107.jpeg 830w, https:\/\/tornionkalamiehet.net\/wp-content\/uploads\/2020\/09\/Letto2-230x307.jpeg 230w, https:\/\/tornionkalamiehet.net\/wp-content\/uploads\/2020\/09\/Letto2-350x467.jpeg 350w, https:\/\/tornionkalamiehet.net\/wp-content\/uploads\/2020\/09\/Letto2-480x640.jpeg 480w, https:\/\/tornionkalamiehet.net\/wp-content\/uploads\/2020\/09\/Letto2-scaled.jpeg 1920w\" sizes=\"(max-width: 768px) 100vw, 768px\" \/><\/figure>\n<\/div>\n<\/div>\n\n\n\n\n\n<div class=\"wp-block-columns is-layout-flex wp-container-8 wp-block-columns-is-layout-flex\">\n<div class=\"wp-block-column is-layout-flow wp-block-column-is-layout-flow\">\n13.8.2020 yleiset laituripilkit pidettiin Letolla, s\u00e4\u00e4 suosi meit\u00e4 t\u00e4n\u00e4\u00e4nkin. 3 tuntia pilkittiin mukavassa porukassa. 26 henkil\u00f6\u00e4 osallistui ja kalaa tuli yhteens\u00e4 11943 g.\n\n\n\nTulokset Naiset, 1. Halmkrona Aino-Maria, 2. Kaikkonen Eija, 3. Kolehmainen Emma. Miehet 1. K\u00e4hk\u00f6nen Riku, 2. Toppi Hannes, 3. Eskola Taisto. \nOsallistujien kesken arvottiin lahjakortti, arpaonni suosi Laulajainen Terttua. Onnittelut voittajille ja kiitos osallistumisesta \ud83e\udd17\n<\/div>\n\n\n\n<div class=\"wp-block-column is-layout-flow wp-block-column-is-layout-flow\">\n<figure class=\"wp-block-image size-large\"><img decoding=\"async\" loading=\"lazy\" width=\"768\" height=\"1024\" src=\"http:\/\/tornionkalamiehet.net\/wp-content\/uploads\/2020\/09\/Lettopilkit1.jpeg\" alt=\"\" class=\"wp-image-263\" srcset=\"https:\/\/tornionkalamiehet.net\/wp-content\/uploads\/2020\/09\/Lettopilkit1.jpeg 768w, https:\/\/tornionkalamiehet.net\/wp-content\/uploads\/2020\/09\/Lettopilkit1-225x300.jpeg 225w, https:\/\/tornionkalamiehet.net\/wp-content\/uploads\/2020\/09\/Lettopilkit1-230x307.jpeg 230w, https:\/\/tornionkalamiehet.net\/wp-content\/uploads\/2020\/09\/Lettopilkit1-350x467.jpeg 350w, https:\/\/tornionkalamiehet.net\/wp-content\/uploads\/2020\/09\/Lettopilkit1-480x640.jpeg 480w\" sizes=\"(max-width: 768px) 100vw, 768px\" \/><\/figure>\n\n\n\n<figure class=\"wp-block-image size-large\"><img decoding=\"async\" loading=\"lazy\" width=\"768\" height=\"1024\" src=\"http:\/\/tornionkalamiehet.net\/wp-content\/uploads\/2020\/09\/Lettopilkit3.jpeg\" alt=\"\" class=\"wp-image-265\" srcset=\"https:\/\/tornionkalamiehet.net\/wp-content\/uploads\/2020\/09\/Lettopilkit3.jpeg 768w, https:\/\/tornionkalamiehet.net\/wp-content\/uploads\/2020\/09\/Lettopilkit3-225x300.jpeg 225w, https:\/\/tornionkalamiehet.net\/wp-content\/uploads\/2020\/09\/Lettopilkit3-230x307.jpeg 230w, https:\/\/tornionkalamiehet.net\/wp-content\/uploads\/2020\/09\/Lettopilkit3-350x467.jpeg 350w, https:\/\/tornionkalamiehet.net\/wp-content\/uploads\/2020\/09\/Lettopilkit3-480x640.jpeg 480w\" sizes=\"(max-width: 768px) 100vw, 768px\" \/><\/figure>\n<\/div>\n\n\n\n<div class=\"wp-block-column is-layout-flow wp-block-column-is-layout-flow\">\n<figure class=\"wp-block-image size-large\"><img decoding=\"async\" loading=\"lazy\" width=\"768\" height=\"1024\" src=\"http:\/\/tornionkalamiehet.net\/wp-content\/uploads\/2020\/09\/Lettopilkit2.jpeg\" alt=\"\" class=\"wp-image-264\" srcset=\"https:\/\/tornionkalamiehet.net\/wp-content\/uploads\/2020\/09\/Lettopilkit2.jpeg 768w, https:\/\/tornionkalamiehet.net\/wp-content\/uploads\/2020\/09\/Lettopilkit2-225x300.jpeg 225w, https:\/\/tornionkalamiehet.net\/wp-content\/uploads\/2020\/09\/Lettopilkit2-230x307.jpeg 230w, https:\/\/tornionkalamiehet.net\/wp-content\/uploads\/2020\/09\/Lettopilkit2-350x467.jpeg 350w, https:\/\/tornionkalamiehet.net\/wp-content\/uploads\/2020\/09\/Lettopilkit2-480x640.jpeg 480w\" sizes=\"(max-width: 768px) 100vw, 768px\" \/><\/figure>\n<\/div>\n<\/div>\n\n\n\n\n\n<div class=\"wp-block-columns is-layout-flex wp-container-12 wp-block-columns-is-layout-flex\">\n<div class=\"wp-block-column is-layout-flow wp-block-column-is-layout-flow\">\n6.9.2020 pidettiin toiset yleiset laituripilkit Letolla melko tuulisessa s\u00e4\u00e4ss\u00e4. Osallistujia oli yhteens\u00e4 34, kaikille suuri kiitos osallistumisesta.\n\n\n\nNuorten sarjan voitti Lepp\u00e4nen Lauri, 2. Salmi Sami, 3. K\u00e4hk\u00f6nen Ellen. Naisten sarjan voiton vei Eskola Raili, 2. Kolehmainen Emma, 3. Autio Maritta. Miesten sarjan voiton otti Koivisto Tapio, 2. Eskola Taisto 3. Ronkainen Heino. Kalaa tuli yhteens\u00e4 10965 g.\n<\/div>\n\n\n\n<div class=\"wp-block-column is-layout-flow wp-block-column-is-layout-flow\">\n<figure class=\"wp-block-image size-large\"><img decoding=\"async\" loading=\"lazy\" width=\"768\" height=\"1024\" src=\"http:\/\/tornionkalamiehet.net\/wp-content\/uploads\/2020\/09\/Lettouudet1-768x1024.jpeg\" alt=\"\" class=\"wp-image-266\" srcset=\"https:\/\/tornionkalamiehet.net\/wp-content\/uploads\/2020\/09\/Lettouudet1-768x1024.jpeg 768w, https:\/\/tornionkalamiehet.net\/wp-content\/uploads\/2020\/09\/Lettouudet1-225x300.jpeg 225w, https:\/\/tornionkalamiehet.net\/wp-content\/uploads\/2020\/09\/Lettouudet1-1152x1536.jpeg 1152w, https:\/\/tornionkalamiehet.net\/wp-content\/uploads\/2020\/09\/Lettouudet1-1536x2048.jpeg 1536w, https:\/\/tornionkalamiehet.net\/wp-content\/uploads\/2020\/09\/Lettouudet1-830x1107.jpeg 830w, https:\/\/tornionkalamiehet.net\/wp-content\/uploads\/2020\/09\/Lettouudet1-230x307.jpeg 230w, https:\/\/tornionkalamiehet.net\/wp-content\/uploads\/2020\/09\/Lettouudet1-350x467.jpeg 350w, https:\/\/tornionkalamiehet.net\/wp-content\/uploads\/2020\/09\/Lettouudet1-480x640.jpeg 480w, https:\/\/tornionkalamiehet.net\/wp-content\/uploads\/2020\/09\/Lettouudet1-scaled.jpeg 1920w\" sizes=\"(max-width: 768px) 100vw, 768px\" \/><\/figure>\n\n\n\n<figure class=\"wp-block-image size-large\"><img decoding=\"async\" loading=\"lazy\" width=\"768\" height=\"1024\" src=\"http:\/\/tornionkalamiehet.net\/wp-content\/uploads\/2020\/09\/Lettouudet4-768x1024.jpeg\" alt=\"\" class=\"wp-image-268\" srcset=\"https:\/\/tornionkalamiehet.net\/wp-content\/uploads\/2020\/09\/Lettouudet4-768x1024.jpeg 768w, https:\/\/tornionkalamiehet.net\/wp-content\/uploads\/2020\/09\/Lettouudet4-225x300.jpeg 225w, https:\/\/tornionkalamiehet.net\/wp-content\/uploads\/2020\/09\/Lettouudet4-1152x1536.jpeg 1152w, https:\/\/tornionkalamiehet.net\/wp-content\/uploads\/2020\/09\/Lettouudet4-1536x2048.jpeg 1536w, https:\/\/tornionkalamiehet.net\/wp-content\/uploads\/2020\/09\/Lettouudet4-830x1107.jpeg 830w, https:\/\/tornionkalamiehet.net\/wp-content\/uploads\/2020\/09\/Lettouudet4-230x307.jpeg 230w, https:\/\/tornionkalamiehet.net\/wp-content\/uploads\/2020\/09\/Lettouudet4-350x467.jpeg 350w, https:\/\/tornionkalamiehet.net\/wp-content\/uploads\/2020\/09\/Lettouudet4-480x640.jpeg 480w, https:\/\/tornionkalamiehet.net\/wp-content\/uploads\/2020\/09\/Lettouudet4-scaled.jpeg 1920w\" sizes=\"(max-width: 768px) 100vw, 768px\" \/><figcaption class=\"wp-element-caption\">Lilill\u00e4 (virallinen valvoja) kiinnostaa n\u00e4kyyk\u00f6 siell\u00e4 kaloja \ud83d\ude05<\/figcaption><\/figure>\n<\/div>\n\n\n\n<div class=\"wp-block-column is-layout-flow wp-block-column-is-layout-flow\">\n<figure class=\"wp-block-image size-large\"><img decoding=\"async\" loading=\"lazy\" width=\"768\" height=\"1024\" src=\"http:\/\/tornionkalamiehet.net\/wp-content\/uploads\/2020\/09\/Lettouudet2-768x1024.jpeg\" alt=\"\" class=\"wp-image-267\" srcset=\"https:\/\/tornionkalamiehet.net\/wp-content\/uploads\/2020\/09\/Lettouudet2-768x1024.jpeg 768w, https:\/\/tornionkalamiehet.net\/wp-content\/uploads\/2020\/09\/Lettouudet2-225x300.jpeg 225w, https:\/\/tornionkalamiehet.net\/wp-content\/uploads\/2020\/09\/Lettouudet2-1152x1536.jpeg 1152w, https:\/\/tornionkalamiehet.net\/wp-content\/uploads\/2020\/09\/Lettouudet2-1536x2048.jpeg 1536w, https:\/\/tornionkalamiehet.net\/wp-content\/uploads\/2020\/09\/Lettouudet2-830x1107.jpeg 830w, https:\/\/tornionkalamiehet.net\/wp-content\/uploads\/2020\/09\/Lettouudet2-230x307.jpeg 230w, https:\/\/tornionkalamiehet.net\/wp-content\/uploads\/2020\/09\/Lettouudet2-350x467.jpeg 350w, https:\/\/tornionkalamiehet.net\/wp-content\/uploads\/2020\/09\/Lettouudet2-480x640.jpeg 480w, https:\/\/tornionkalamiehet.net\/wp-content\/uploads\/2020\/09\/Lettouudet2-scaled.jpeg 1920w\" sizes=\"(max-width: 768px) 100vw, 768px\" \/><figcaption class=\"wp-element-caption\">Ellenill\u00e4 onnistuu madon laitto koukkuun ihan helposti \ud83e\udd17<\/figcaption><\/figure>\n\n\n\n<figure class=\"wp-block-image size-large\"><img decoding=\"async\" loading=\"lazy\" width=\"768\" height=\"1024\" src=\"http:\/\/tornionkalamiehet.net\/wp-content\/uploads\/2020\/09\/Lettouudet3-768x1024.jpeg\" alt=\"\" class=\"wp-image-269\" srcset=\"https:\/\/tornionkalamiehet.net\/wp-content\/uploads\/2020\/09\/Lettouudet3-768x1024.jpeg 768w, https:\/\/tornionkalamiehet.net\/wp-content\/uploads\/2020\/09\/Lettouudet3-225x300.jpeg 225w, https:\/\/tornionkalamiehet.net\/wp-content\/uploads\/2020\/09\/Lettouudet3-1152x1536.jpeg 1152w, https:\/\/tornionkalamiehet.net\/wp-content\/uploads\/2020\/09\/Lettouudet3-1536x2048.jpeg 1536w, https:\/\/tornionkalamiehet.net\/wp-content\/uploads\/2020\/09\/Lettouudet3-830x1107.jpeg 830w, https:\/\/tornionkalamiehet.net\/wp-content\/uploads\/2020\/09\/Lettouudet3-230x307.jpeg 230w, https:\/\/tornionkalamiehet.net\/wp-content\/uploads\/2020\/09\/Lettouudet3-350x467.jpeg 350w, https:\/\/tornionkalamiehet.net\/wp-content\/uploads\/2020\/09\/Lettouudet3-480x640.jpeg 480w, https:\/\/tornionkalamiehet.net\/wp-content\/uploads\/2020\/09\/Lettouudet3-scaled.jpeg 1920w\" sizes=\"(max-width: 768px) 100vw, 768px\" \/><\/figure>\n<\/div>\n<\/div>\n\n\n\n\n\n<div class=\"wp-block-columns is-layout-flex wp-container-16 wp-block-columns-is-layout-flex\">\n<div class=\"wp-block-column is-layout-flow wp-block-column-is-layout-flow\">\n13.6.2020 Per\u00e4pohjolan cup Miekoj\u00e4rvi, hauki \/ahvenkisa Venekunta Kolehmainen Tero ja Salmi Hannu 2. Sijoitus\n<\/div>\n\n\n\n<div class=\"wp-block-column is-layout-flow wp-block-column-is-layout-flow\"><\/div>\n\n\n\n<div class=\"wp-block-column is-layout-flow wp-block-column-is-layout-flow\"><\/div>\n<\/div>\n\n\n\n<h2 class=\"wp-block-heading\"><\/h2>\n","protected":false},"excerpt":{"rendered":"<p>Matikkapilkkikilpailut M\u00f6lj\u00e4ll\u00e4 1.2.2024 klo 17.30-19.30. Osallistumismaksu 10\u20ac, nuoret ilmaiseksi. Tervetuloa! ********************************************************************************************************************&#8217;* Solmuntekokurssi 30.1.2024 klo 18.00 alkaen, seuran tiloissa osoitteessa Harjutie 14, Tornio. [&hellip;]<\/p>\n","protected":false},"author":2,"featured_media":0,"parent":0,"menu_order":0,"comment_status":"closed","ping_status":"closed","template":"","meta":{"footnotes":""},"_links":{"self":[{"href":"https:\/\/tornionkalamiehet.net\/index.php?rest_route=\/wp\/v2\/pages\/240"}],"collection":[{"href":"https:\/\/tornionkalamiehet.net\/index.php?rest_route=\/wp\/v2\/pages"}],"about":[{"href":"https:\/\/tornionkalamiehet.net\/index.php?rest_route=\/wp\/v2\/types\/page"}],"author":[{"embeddable":true,"href":"https:\/\/tornionkalamiehet.net\/index.php?rest_route=\/wp\/v2\/users\/2"}],"replies":[{"embeddable":true,"href":"https:\/\/tornionkalamiehet.net\/index.php?rest_route=%2Fwp%2Fv2%2Fcomments&post=240"}],"version-history":[{"count":10,"href":"https:\/\/tornionkalamiehet.net\/index.php?rest_route=\/wp\/v2\/pages\/240\/revisions"}],"predecessor-version":[{"id":316,"href":"https:\/\/tornionkalamiehet.net\/index.php?rest_route=\/wp\/v2\/pages\/240\/revisions\/316"}],"wp:attachment":[{"href":"https:\/\/tornionkalamiehet.net\/index.php?rest_route=%2Fwp%2Fv2%2Fmedia&parent=240"}],"curies":[{"name":"wp","href":"https:\/\/api.w.org\/{rel}","templated":true}]}}