{"id":31,"date":"2017-08-30T14:00:33","date_gmt":"2017-08-30T11:00:33","guid":{"rendered":"http:\/\/tornionkalamiehet.net\/wordpress\/?page_id=31"},"modified":"2017-08-31T13:58:34","modified_gmt":"2017-08-31T10:58:34","slug":"historia","status":"publish","type":"page","link":"https:\/\/tornionkalamiehet.net\/?page_id=31","title":{"rendered":"Historia"},"content":{"rendered":"<div id=\"pl-31\"  class=\"panel-layout\" ><div id=\"pg-31-0\"  class=\"panel-grid panel-has-style\" ><div style=\"padding: 0px 0; \" data-overlay=\"true\" data-overlay-color=\"#000000\" class=\"panel-row-style panel-row-style-for-31-0\" ><div id=\"pgc-31-0-0\"  class=\"panel-grid-cell\" ><div id=\"panel-31-0-0-0\" class=\"so-panel widget widget_sow-editor panel-first-child panel-last-child\" data-index=\"0\" ><div style=\"text-align: left;\" data-title-color=\"#443f3f\" data-headings-color=\"#443f3f\" class=\"panel-widget-style panel-widget-style-for-31-0-0-0\" ><div\n\t\t\t\n\t\t\tclass=\"so-widget-sow-editor so-widget-sow-editor-base\"\n\t\t\t\n\t\t>\n<div class=\"siteorigin-widget-tinymce textwidget\">\n\t<div id=\"pl-31\" class=\"panel-layout\">\n<p>Tornion Kalamiehet r.y:n perustava kokous pidettiin Lapin Kullan Pajanvintiss\u00e4 2.2.1979. Paikalla olivat Paavo \u00c5str\u00f6m, joka toimi seuran puheenjohtajana kolme ensimm\u00e4ist\u00e4 vuotta sek\u00e4 Kaarina Paldanius, Timo Koivisto, Reino Lehtonen, Aarno Paldanius, Tauno Serkosalmi, Timo Lahikainen ja Antti Hietam\u00e4ki. Tarkoituksena oli perustaa Tornioon kalamiesseura, joka on tarkoitettu kaikille kalastuksesta kiinnostuneille ja kalastusta harras-taville ik\u00e4\u00e4n ja sukupuoleen katsomatta.<\/p>\n<p>Seurasta on vuosien my\u00f6t\u00e4 kehittynyt l\u00e4hinn\u00e4 kilpailutoimintaan erikoistunut seura. Olemme j\u00e4rjest\u00e4neet Tornionjoella vetouistelukilpailuja vuodesta 1991 alkaen, ja vuodesta 1992 l\u00e4htien vetouistelukilpailumme on kuulunut Lappi-Cup kilpailuihin. Seuramme kalakummitoimintaan kuuluu nuorille suunnattua kalastusharrastukseen ohjaavaa ja perehdytt\u00e4v\u00e4\u00e4 toimintaa.<\/p>\n<\/div>\n<\/div>\n<\/div><\/div><\/div><\/div><div id=\"pgc-31-0-1\"  class=\"panel-grid-cell\" ><div id=\"panel-31-0-1-0\" class=\"so-panel widget widget_sow-image panel-first-child panel-last-child\" data-index=\"1\" ><div style=\"text-align: left;\" data-title-color=\"#443f3f\" data-headings-color=\"#443f3f\" class=\"panel-widget-style panel-widget-style-for-31-0-1-0\" ><div\n\t\t\t\n\t\t\tclass=\"so-widget-sow-image so-widget-sow-image-default-dbf295114b96-31\"\n\t\t\t\n\t\t>\n\n<div class=\"sow-image-container\">\n\t\t<img src=\"https:\/\/tornionkalamiehet.net\/wp-content\/uploads\/2017\/08\/Motorsport-167-e1504176966300.jpg\" width=\"600\" height=\"400\" sizes=\"(max-width: 600px) 100vw, 600px\" alt=\"\" loading=\"lazy\" \t\tclass=\"so-widget-image\"\/>\n\t<\/div>\n\n<\/div><\/div><\/div><\/div><\/div><\/div><\/div>","protected":false},"excerpt":{"rendered":"<p>Tornion Kalamiehet r.y:n perustava kokous pidettiin Lapin Kullan Pajanvintiss\u00e4 2.2.1979. Paikalla olivat Paavo \u00c5str\u00f6m, joka toimi seuran puheenjohtajana kolme ensimm\u00e4ist\u00e4 vuotta sek\u00e4 [&hellip;]<\/p>\n","protected":false},"author":1,"featured_media":0,"parent":0,"menu_order":0,"comment_status":"closed","ping_status":"closed","template":"page-templates\/page_fullwidth.php","meta":{"footnotes":""},"_links":{"self":[{"href":"https:\/\/tornionkalamiehet.net\/index.php?rest_route=\/wp\/v2\/pages\/31"}],"collection":[{"href":"https:\/\/tornionkalamiehet.net\/index.php?rest_route=\/wp\/v2\/pages"}],"about":[{"href":"https:\/\/tornionkalamiehet.net\/index.php?rest_route=\/wp\/v2\/types\/page"}],"author":[{"embeddable":true,"href":"https:\/\/tornionkalamiehet.net\/index.php?rest_route=\/wp\/v2\/users\/1"}],"replies":[{"embeddable":true,"href":"https:\/\/tornionkalamiehet.net\/index.php?rest_route=%2Fwp%2Fv2%2Fcomments&post=31"}],"version-history":[{"count":19,"href":"https:\/\/tornionkalamiehet.net\/index.php?rest_route=\/wp\/v2\/pages\/31\/revisions"}],"predecessor-version":[{"id":119,"href":"https:\/\/tornionkalamiehet.net\/index.php?rest_route=\/wp\/v2\/pages\/31\/revisions\/119"}],"wp:attachment":[{"href":"https:\/\/tornionkalamiehet.net\/index.php?rest_route=%2Fwp%2Fv2%2Fmedia&parent=31"}],"curies":[{"name":"wp","href":"https:\/\/api.w.org\/{rel}","templated":true}]}}